{"id":27,"date":"2024-09-12T07:02:09","date_gmt":"2024-09-12T07:02:09","guid":{"rendered":"https:\/\/www.drmartinezfisioavanzada.com\/?page_id=27"},"modified":"2024-09-12T07:02:09","modified_gmt":"2024-09-12T07:02:09","slug":"accesibilidad","status":"publish","type":"page","link":"https:\/\/drmartinezfisioavanzada.com\/en\/accesibilidad\/","title":{"rendered":"Accessibility"},"content":{"rendered":"<h4 class=\"wp-block-heading\"><a href=\"https:\/\/www.aplicapymes.com\/\">&lt;URL WEB><\/a><\/h4>\n\n\n\n<h4 class=\"wp-block-heading\">Situaci\u00f3n de cumplimiento<\/h4>\n\n\n\n<p>&lt;nombreWeb> (en adelante, tambi\u00e9n Sitio Web) es parcialmente conforme con el Real Decreto 1112\/2018, de 7 de septiembre, debido a la falta de conformidad de los aspectos que se indican a continuaci\u00f3n.<\/p>\n\n\n\n<h4 class=\"wp-block-heading\">Contenido no accesible<\/h4>\n\n\n\n<p>El contenido que se recoge a continuaci\u00f3n no es accesible por los siguientes motivos:<\/p>\n\n\n\n<p><strong>a. Falta de conformidad con el RD 1112\/2018:<\/strong><\/p>\n\n\n\n<ul class=\"wp-block-list\">\n<li>Criterio 5 \u2013 Requisitos generales: No aplica.<\/li>\n\n\n\n<li>Criterio 6 \u2013 Capacidad de comunicaci\u00f3n bidireccional por voz: No aplica.<\/li>\n\n\n\n<li>Criterio 7 \u2013 Capacidad de v\u00eddeo: No aplica.<\/li>\n\n\n\n<li>Criterio 9 \u2013 Requisitos aplicables a p\u00e1ginas web:<\/li>\n\n\n\n<li>Existen contenidos no textuales que carecen de una alternativa textual, o que tienen una alternativa que no es adecuada [requisito n\u00famero 9.1.1.1 Contenido no textual, de UNE-EN 301549:2022].<\/li>\n\n\n\n<li>En algunas p\u00e1ginas la informaci\u00f3n, estructura y relaciones no est\u00e1n determinadas por software o no tienen alternativa como texto [requisito n\u00famero 9.1.3.1 Informaci\u00f3n y relaciones, de UNE-EN 301549:2022].<\/li>\n\n\n\n<li>En alguna p\u00e1gina la relaci\u00f3n de contraste en texto podr\u00eda no ser de al menos 4.5:1 [requisito n\u00famero 9.1.4.3 Contraste (m\u00ednimo), de UNE-EN 301549:2022].<\/li>\n\n\n\n<li>El prop\u00f3sito de los enlaces, encabezados o etiquetas del portal puede no ser siempre lo suficientemente descriptivo o consistente para todos los usuarios [requisito n\u00famero 9.2.4.4 Prop\u00f3sito de los enlaces (en contexto), de UNE-EN 301549:2022].<\/li>\n\n\n\n<li>Existen formularios con campos obligatorios donde no se informa al usuario de ello, as\u00ed como campos donde falta un ejemplo textual del formato del campo [requisito n\u00famero 9.3.3.2 Etiquetas o instrucciones, de UNE-EN 301549:2022].<\/li>\n\n\n\n<li>En alguna p\u00e1gina los componentes de interfaz de usuario como elementos de formulario, enlaces y componentes generados por script no siguen la estructura recomendada por las pautas de accesibilidad [requisito n\u00famero 9.4.1.2 Nombre, funci\u00f3n, valor, de UNE-EN 301549:2022].<\/li>\n\n\n\n<li>Se incumplen algunos de los requisitos WCAG 2.1 [requisito n\u00famero 9.6 Requisitos de conformidad de las pautas WCAG, de UNE-EN 301549:2022].<\/li>\n\n\n\n<li>Criterio 10 \u2013 Requisitos aplicables a documentos no web: No aplica.<\/li>\n\n\n\n<li>Criterio 11 \u2013 Requisitos aplicables a software: No aplica.<\/li>\n\n\n\n<li>Criterio 12 \u2013 Requisitos aplicables a documentaci\u00f3n y servicios de apoyo: No aplica.<\/li>\n<\/ul>\n\n\n\n<p><strong>b. Carga desproporcionada:<\/strong>&nbsp;No aplica.<\/p>\n\n\n\n<p><strong>c. Contenido no entra dentro del \u00e1mbito de la legislaci\u00f3n aplicable:<\/strong><\/p>\n\n\n\n<ul class=\"wp-block-list\">\n<li>Pueden existir archivos de ofim\u00e1tica en PDF y otros formatos publicados antes del 20 de septiembre de 2018 que no cumplan en su totalidad todos los requisitos de accesibilidad. Aunque se ha procurado que la mayor\u00eda de ellos s\u00ed lo cumplan.<\/li>\n\n\n\n<li>Puede haber contenidos de terceros que no est\u00e9n desarrollados en esta Unidad ni bajo su control como im\u00e1genes, mapas interactivos, videos, documentos, reproductores, etc.<\/li>\n\n\n\n<li>Pueden existir archivos pregrabados publicados antes del 20 de septiembre de 2018 que no cumplan en su totalidad todos los requisitos de accesibilidad.<\/li>\n\n\n\n<li>Partes o la totalidad del sitio web puede estar creado con un CMS (WordPress, Shopify, PrestaShop, etc), por lo que debido a alguna actualizaci\u00f3n o cambio en los sistemas, puede que no todo el contenido generado o autogenerado cumpla con todas las normativas de accesibilidad.<\/li>\n<\/ul>\n\n\n\n<h4 class=\"wp-block-heading\">Preparaci\u00f3n de la presente declaraci\u00f3n de accesibilidad<\/h4>\n\n\n\n<p>La presente declaraci\u00f3n fue preparada el d\u00eda &lt;fecha><\/p>\n\n\n\n<p>El m\u00e9todo empleado para preparar la declaraci\u00f3n ha sido una autoevaluaci\u00f3n llevada a cabo por la propia empresa.<\/p>\n\n\n\n<p>\u00daltima revisi\u00f3n de la declaraci\u00f3n: &lt;fecha><\/p>\n\n\n\n<h4 class=\"wp-block-heading\">Observaciones y datos de contacto<\/h4>\n\n\n\n<p>Puede realizar comunicaciones sobre requisitos de accesibilidad (art\u00edculo 10.2.a del Real Decreto 1112\/2018, de 7 de septiembre) como, por ejemplo:<\/p>\n\n\n\n<ul class=\"wp-block-list\">\n<li>Informar sobre cualquier posible incumplimiento por parte de este sitio web.<\/li>\n\n\n\n<li>Transmitir otras dificultades de acceso al contenido.<\/li>\n\n\n\n<li>Formular cualquier otra consulta o sugerencia de mejora relativa a la accesibilidad del sitio web.<\/li>\n<\/ul>\n\n\n\n<p>A trav\u00e9s de las siguientes v\u00edas:<\/p>\n\n\n\n<ul class=\"wp-block-list\">\n<li>Correo electr\u00f3nico: &lt;email><\/li>\n<\/ul>\n\n\n\n<p>Acorde al art\u00edculo 10.2.b del RD 1112\/2018, tambi\u00e9n puedes presentar:<\/p>\n\n\n\n<ul class=\"wp-block-list\">\n<li>Una queja relativa al cumplimiento de los requisitos del RD 1112\/2018.<\/li>\n\n\n\n<li>Una solicitud de informaci\u00f3n accesible relativa a:\n<ul class=\"wp-block-list\">\n<li>Contenidos que est\u00e1n excluidos del \u00e1mbito de aplicaci\u00f3n del RD 1112\/2018 seg\u00fan lo establecido por el art\u00edculo 3, apartado 4.<\/li>\n\n\n\n<li>Contenidos que est\u00e1n exentos del cumplimiento de los requisitos de accesibilidad por imponer una carga desproporcionada.<\/li>\n<\/ul>\n<\/li>\n<\/ul>\n\n\n\n<p>En la Solicitud de informaci\u00f3n accesible, se debe concretar, con toda claridad, los hechos, razones y petici\u00f3n que permitan constatar que se trata de una solicitud razonable y leg\u00edtima.<\/p>\n\n\n\n<p>Las comunicaciones ser\u00e1n recibidas y tratadas por la direcci\u00f3n de la empresa, como unidad responsable de los contenidos de este sitio web.<\/p>\n\n\n\n<h4 class=\"wp-block-heading\">Contenido opcional<\/h4>\n\n\n\n<p>La versi\u00f3n actualmente visible de este sitio web es del d\u00eda &lt;FECHA> y en esa fecha se hizo la revisi\u00f3n del nivel de accesibilidad vigente en aquel momento.<\/p>\n\n\n\n<p>A partir de dicha fecha se llevan a cabo revisiones parciales diarias del contenido web nuevo o modificado, tanto de las plantillas como de las p\u00e1ginas y documentos finales publicados, a fin de asegurar el cumplimiento de los requerimientos de accesibilidad de la Norma UNE-EN 301549:2022, considerando las excepciones del Real Decreto 1112\/2018, de 7 de septiembre.<\/p>\n\n\n\n<p>Entre otras se adoptan las siguientes medidas para facilitar la accesibilidad:<\/p>\n\n\n\n<ul class=\"wp-block-list\">\n<li>Utilizaci\u00f3n de texto alternativo en las im\u00e1genes.<\/li>\n\n\n\n<li>Los enlaces ofrecen detalles de la funci\u00f3n o destino del hiperv\u00ednculo.<\/li>\n\n\n\n<li>Uso de los est\u00e1ndares del W3C: XHTML 1.0, CSS 3.0, WAI AA.<\/li>\n<\/ul>\n\n\n\n<h4 class=\"wp-block-heading\">Compatibilidad<\/h4>\n\n\n\n<p>El sitio web:<\/p>\n\n\n\n<ul class=\"wp-block-list\">\n<li>se ha dise\u00f1ado adapt\u00e1ndose a los est\u00e1ndares y normativas vigentes en relaci\u00f3n a la accesibilidad, cumpliendo con los puntos de verificaci\u00f3n de prioridad 2 (AA) definidos en la especificaci\u00f3n de Pautas de Accesibilidad al Contenido en la Web (WCAG 2.1)<\/li>\n\n\n\n<li>est\u00e1 optimizado para las \u00faltimas versiones vigentes de Chrome, Edge, Firefox, Safari y Opera<\/li>\n\n\n\n<li>est\u00e1 dise\u00f1ado para su correcta visualizaci\u00f3n en cualquier resoluci\u00f3n y dispositivo de escritorio, tabletas o m\u00f3viles (dise\u00f1o responsive)<\/li>\n\n\n\n<li>se ha realizado utilizando HTML5 como lenguaje de marcado y hojas de estilo CSS 3 para su dise\u00f1o.<\/li>\n<\/ul>\n\n\n\n<p>Adem\u00e1s, se realiza un trabajo continuo de auditor\u00eda y revisi\u00f3n de contenidos para facilitar su interpretaci\u00f3n y mejorar la navegaci\u00f3n por el portal web.<\/p>\n\n\n\n<p>Fecha de revisi\u00f3n: &lt;fecha>.<\/p>","protected":false},"excerpt":{"rendered":"<p>&lt;URL WEB> Situaci\u00f3n de cumplimiento &lt;nombreWeb> (en adelante, tambi\u00e9n Sitio Web) es parcialmente conforme con el Real Decreto 1112\/2018, de<\/p>","protected":false},"author":1,"featured_media":0,"parent":0,"menu_order":0,"comment_status":"closed","ping_status":"closed","template":"","meta":{"footnotes":""},"class_list":["post-27","page","type-page","status-publish","hentry"],"_links":{"self":[{"href":"https:\/\/drmartinezfisioavanzada.com\/en\/wp-json\/wp\/v2\/pages\/27","targetHints":{"allow":["GET"]}}],"collection":[{"href":"https:\/\/drmartinezfisioavanzada.com\/en\/wp-json\/wp\/v2\/pages"}],"about":[{"href":"https:\/\/drmartinezfisioavanzada.com\/en\/wp-json\/wp\/v2\/types\/page"}],"author":[{"embeddable":true,"href":"https:\/\/drmartinezfisioavanzada.com\/en\/wp-json\/wp\/v2\/users\/1"}],"replies":[{"embeddable":true,"href":"https:\/\/drmartinezfisioavanzada.com\/en\/wp-json\/wp\/v2\/comments?post=27"}],"version-history":[{"count":1,"href":"https:\/\/drmartinezfisioavanzada.com\/en\/wp-json\/wp\/v2\/pages\/27\/revisions"}],"predecessor-version":[{"id":28,"href":"https:\/\/drmartinezfisioavanzada.com\/en\/wp-json\/wp\/v2\/pages\/27\/revisions\/28"}],"wp:attachment":[{"href":"https:\/\/drmartinezfisioavanzada.com\/en\/wp-json\/wp\/v2\/media?parent=27"}],"curies":[{"name":"wp","href":"https:\/\/api.w.org\/{rel}","templated":true}]}}